{"id":9604,"date":"2022-12-21T20:50:07","date_gmt":"2022-12-21T20:50:07","guid":{"rendered":"https:\/\/www.eurodeco.com.tr\/?page_id=9604"},"modified":"2024-11-10T23:11:56","modified_gmt":"2024-11-10T23:11:56","slug":"galeri","status":"publish","type":"page","link":"https:\/\/www.eurodeco.com.tr\/de\/galeri\/","title":{"rendered":"Galeri"},"content":{"rendered":"<div data-elementor-type=\"wp-page\" data-elementor-id=\"9604\" class=\"elementor elementor-9604\">\n\t\t\t\t\t\t<section class=\"wd-negative-gap elementor-section elementor-top-section elementor-element elementor-element-493b898 elementor-section-boxed elementor-section-height-default elementor-section-height-default\" data-id=\"493b898\" data-element_type=\"section\">\n\t\t\t\t\t\t<div class=\"elementor-container elementor-column-gap-default\">\n\t\t\t\t\t<div class=\"elementor-column elementor-col-100 elementor-top-column elementor-element elementor-element-0a69902\" data-id=\"0a69902\" data-element_type=\"column\">\n\t\t\t<div class=\"elementor-widget-wrap elementor-element-populated\">\n\t\t\t\t\t\t<div class=\"elementor-element elementor-element-4652cd6 elementor-widget elementor-widget-gallery\" data-id=\"4652cd6\" data-element_type=\"widget\" data-widget_type=\"gallery.default\">\n\t\t\t\t<div class=\"elementor-widget-container\">\n\t\t\t\t\t \t\t\t\t<\/div>\n\t\t\t\t<\/div>\n\t\t\t\t<div class=\"elementor-element elementor-element-dff368a elementor-widget elementor-widget-gallery\" data-id=\"dff368a\" data-element_type=\"widget\" data-widget_type=\"gallery.default\">\n\t\t\t\t<div class=\"elementor-widget-container\">\n\t\t\t\t\t \t\t\t\t<\/div>\n\t\t\t\t<\/div>\n\t\t\t\t\t<\/div>\n\t\t<\/div>\n\t\t\t\t\t<\/div>\n\t\t<\/section>\n\t\t\t\t<\/div>","protected":false},"excerpt":{"rendered":"<p>Poli\u00fcretanlar Strafor Akustik paneller Mermer ve granit g\u00f6r\u00fcn\u00fcml\u00fc Mutfak Oturma odas\u0131 Koridor Banyo Bah\u00e7e \u00c7al\u0131\u015fma alan\u0131 D\u0131\u015f cephe \u0130\u00e7 cephe<\/p>","protected":false},"author":1,"featured_media":0,"parent":0,"menu_order":0,"comment_status":"closed","ping_status":"closed","template":"","meta":{"footnotes":""},"class_list":["post-9604","page","type-page","status-publish","hentry"],"_links":{"self":[{"href":"https:\/\/www.eurodeco.com.tr\/de\/wp-json\/wp\/v2\/pages\/9604","targetHints":{"allow":["GET"]}}],"collection":[{"href":"https:\/\/www.eurodeco.com.tr\/de\/wp-json\/wp\/v2\/pages"}],"about":[{"href":"https:\/\/www.eurodeco.com.tr\/de\/wp-json\/wp\/v2\/types\/page"}],"author":[{"embeddable":true,"href":"https:\/\/www.eurodeco.com.tr\/de\/wp-json\/wp\/v2\/users\/1"}],"replies":[{"embeddable":true,"href":"https:\/\/www.eurodeco.com.tr\/de\/wp-json\/wp\/v2\/comments?post=9604"}],"version-history":[{"count":34,"href":"https:\/\/www.eurodeco.com.tr\/de\/wp-json\/wp\/v2\/pages\/9604\/revisions"}],"predecessor-version":[{"id":11405,"href":"https:\/\/www.eurodeco.com.tr\/de\/wp-json\/wp\/v2\/pages\/9604\/revisions\/11405"}],"wp:attachment":[{"href":"https:\/\/www.eurodeco.com.tr\/de\/wp-json\/wp\/v2\/media?parent=9604"}],"curies":[{"name":"wp","href":"https:\/\/api.w.org\/{rel}","templated":true}]}}