{"id":8750,"date":"2022-10-10T13:13:27","date_gmt":"2022-10-10T13:13:27","guid":{"rendered":"https:\/\/www.eurodeco.com.tr\/?page_id=8750"},"modified":"2024-11-04T13:59:52","modified_gmt":"2024-11-04T13:59:52","slug":"montaj","status":"publish","type":"page","link":"https:\/\/www.eurodeco.com.tr\/de\/montaj\/","title":{"rendered":"Montaj"},"content":{"rendered":"<div data-elementor-type=\"wp-page\" data-elementor-id=\"8750\" class=\"elementor elementor-8750\">\n\t\t\t\t\t\t<section class=\"wd-negative-gap elementor-section elementor-top-section elementor-element elementor-element-77a9de2 elementor-section-full_width elementor-section-height-default elementor-section-height-default\" data-id=\"77a9de2\" data-element_type=\"section\">\n\t\t\t\t\t\t<div class=\"elementor-container elementor-column-gap-default\">\n\t\t\t\t\t<div class=\"elementor-column elementor-col-100 elementor-top-column elementor-element elementor-element-ffc506d\" data-id=\"ffc506d\" data-element_type=\"column\">\n\t\t\t<div class=\"elementor-widget-wrap elementor-element-populated\">\n\t\t\t\t\t\t<div class=\"elementor-element elementor-element-f1d46f7 wd-width-100 elementor-widget elementor-widget-wd_products\" data-id=\"f1d46f7\" data-element_type=\"widget\" data-widget_type=\"wd_products.default\">\n\t\t\t\t<div class=\"elementor-widget-container\">\n\t\t\t\t\t\t\t\t\t\t<div class=\"wd-products-element\">\n\n\t\t\t\n\t\t\t\n\t\t\t\n\t\t\t\n\t\t\t<div class=\"products wd-products grid-columns-4 elements-grid wd-grid-g\" data-paged=\"1\" data-atts=\"{&quot;speed&quot;:null,&quot;slides_per_view&quot;:null,&quot;wrap&quot;:null,&quot;autoplay&quot;:null,&quot;autoheight&quot;:null,&quot;hide_pagination_control&quot;:null,&quot;dynamic_pagination_control&quot;:null,&quot;hide_prev_next_buttons&quot;:null,&quot;carousel_arrows_position&quot;:null,&quot;hide_scrollbar&quot;:null,&quot;scroll_per_page&quot;:null,&quot;center_mode&quot;:null,&quot;spacing&quot;:&quot;&quot;,&quot;carousel_sync&quot;:null,&quot;sync_parent_id&quot;:null,&quot;sync_child_id&quot;:null,&quot;scroll_carousel_init&quot;:null,&quot;disable_overflow_carousel&quot;:null,&quot;include&quot;:null,&quot;taxonomies&quot;:[&quot;113&quot;],&quot;orderby&quot;:&quot;date&quot;,&quot;order&quot;:&quot;DESC&quot;,&quot;meta_key&quot;:null,&quot;shop_tools&quot;:null,&quot;ajax_recently_viewed&quot;:null,&quot;pagination_arrows_position&quot;:null,&quot;columns&quot;:{&quot;unit&quot;:&quot;px&quot;,&quot;size&quot;:4,&quot;sizes&quot;:[]},&quot;products_masonry&quot;:&quot;&quot;,&quot;products_different_sizes&quot;:&quot;&quot;,&quot;product_quantity&quot;:&quot;&quot;,&quot;sale_countdown&quot;:&quot;0&quot;,&quot;stretch_product&quot;:null,&quot;stock_progress_bar&quot;:&quot;0&quot;,&quot;highlighted_products&quot;:&quot;0&quot;,&quot;products_divider&quot;:null,&quot;products_bordered_grid&quot;:&quot;0&quot;,&quot;products_bordered_grid_style&quot;:null,&quot;products_with_background&quot;:&quot;0&quot;,&quot;products_shadow&quot;:&quot;0&quot;,&quot;img_size&quot;:&quot;large&quot;,&quot;img_size_custom&quot;:null,&quot;grid_gallery_control&quot;:null,&quot;grid_gallery_enable_arrows&quot;:null,&quot;elementor&quot;:true,&quot;force_not_ajax&quot;:&quot;no&quot;}\" data-source=\"shortcode\" data-columns=\"4\" data-grid-gallery=\"\" style=\"--wd-col-lg:4;--wd-col-md:4;--wd-col-sm:2;--wd-gap-lg:20px;--wd-gap-sm:10px;\">\n\t\t\n\t\t\n\t\t\t\t<\/div>\n\t\n\t\t\n\t\t\n\t\t\t\t\t<\/div>\n\t\t\n\t\t\t\t\t\t<\/div>\n\t\t\t\t<\/div>\n\t\t\t\t\t<\/div>\n\t\t<\/div>\n\t\t\t\t\t<\/div>\n\t\t<\/section>\n\t\t\t\t<section class=\"wd-negative-gap elementor-section elementor-top-section elementor-element elementor-element-61744c8 elementor-section-boxed elementor-section-height-default elementor-section-height-default\" data-id=\"61744c8\" data-element_type=\"section\">\n\t\t\t\t\t\t<div class=\"elementor-container elementor-column-gap-default\">\n\t\t\t\t\t<div class=\"elementor-column elementor-col-33 elementor-top-column elementor-element elementor-element-7f768d2\" data-id=\"7f768d2\" data-element_type=\"column\">\n\t\t\t<div class=\"elementor-widget-wrap elementor-element-populated\">\n\t\t\t\t\t\t<div class=\"elementor-element elementor-element-28f704c elementor-widget elementor-widget-video\" data-id=\"28f704c\" data-element_type=\"widget\" data-settings=\"{&quot;youtube_url&quot;:&quot;https:\\\/\\\/www.youtube.com\\\/watch?v=PKoMEPOSQ0w&amp;t=1s&quot;,&quot;show_image_overlay&quot;:&quot;yes&quot;,&quot;image_overlay&quot;:{&quot;url&quot;:&quot;https:\\\/\\\/www.eurodeco.com.tr\\\/wp-content\\\/uploads\\\/2023\\\/08\\\/Guenluek-Rutinim-YouTube-Kuecuek-Resmi-1.png&quot;,&quot;id&quot;:10854,&quot;size&quot;:&quot;&quot;,&quot;alt&quot;:&quot;&quot;,&quot;source&quot;:&quot;library&quot;},&quot;video_type&quot;:&quot;youtube&quot;,&quot;controls&quot;:&quot;yes&quot;}\" data-widget_type=\"video.default\">\n\t\t\t\t<div class=\"elementor-widget-container\">\n\t\t\t\t\t\t\t<div class=\"elementor-wrapper elementor-open-inline\">\n\t\t\t<div class=\"elementor-video\"><\/div>\t\t\t\t<div class=\"elementor-custom-embed-image-overlay\" style=\"background-image: url(https:\/\/www.eurodeco.com.tr\/wp-content\/uploads\/2023\/08\/Guenluek-Rutinim-YouTube-Kuecuek-Resmi-1.png);\">\n\t\t\t\t\t\t\t\t\t\t\t\t\t\t\t\t<div class=\"elementor-custom-embed-play\" role=\"button\" aria-label=\"Videoyu Oynat\" tabindex=\"0\">\n\t\t\t\t\t\t\t<i aria-hidden=\"true\" class=\"eicon-play\"><\/i>\t\t\t\t\t\t<\/div>\n\t\t\t\t\t\t\t\t\t<\/div>\n\t\t\t\t\t<\/div>\n\t\t\t\t\t\t<\/div>\n\t\t\t\t<\/div>\n\t\t\t\t<div class=\"elementor-element elementor-element-758c1f2 elementor-widget elementor-widget-video\" data-id=\"758c1f2\" data-element_type=\"widget\" data-settings=\"{&quot;youtube_url&quot;:&quot;https:\\\/\\\/www.youtube.com\\\/watch?v=9GhJXRlSdng&quot;,&quot;show_image_overlay&quot;:&quot;yes&quot;,&quot;image_overlay&quot;:{&quot;url&quot;:&quot;https:\\\/\\\/www.eurodeco.com.tr\\\/wp-content\\\/uploads\\\/2023\\\/08\\\/Guenluek-Rutinim-YouTube-Kuecuek-Resmi-2.png&quot;,&quot;id&quot;:10850,&quot;size&quot;:&quot;&quot;,&quot;alt&quot;:&quot;&quot;,&quot;source&quot;:&quot;library&quot;},&quot;video_type&quot;:&quot;youtube&quot;,&quot;controls&quot;:&quot;yes&quot;}\" data-widget_type=\"video.default\">\n\t\t\t\t<div class=\"elementor-widget-container\">\n\t\t\t\t\t\t\t<div class=\"elementor-wrapper elementor-open-inline\">\n\t\t\t<div class=\"elementor-video\"><\/div>\t\t\t\t<div class=\"elementor-custom-embed-image-overlay\" style=\"background-image: url(https:\/\/www.eurodeco.com.tr\/wp-content\/uploads\/2023\/08\/Guenluek-Rutinim-YouTube-Kuecuek-Resmi-2.png);\">\n\t\t\t\t\t\t\t\t\t\t\t\t\t\t\t\t<div class=\"elementor-custom-embed-play\" role=\"button\" aria-label=\"Videoyu Oynat\" tabindex=\"0\">\n\t\t\t\t\t\t\t<i aria-hidden=\"true\" class=\"eicon-play\"><\/i>\t\t\t\t\t\t<\/div>\n\t\t\t\t\t\t\t\t\t<\/div>\n\t\t\t\t\t<\/div>\n\t\t\t\t\t\t<\/div>\n\t\t\t\t<\/div>\n\t\t\t\t<div class=\"elementor-element elementor-element-e2b8282 elementor-widget elementor-widget-video\" data-id=\"e2b8282\" data-element_type=\"widget\" data-settings=\"{&quot;youtube_url&quot;:&quot;https:\\\/\\\/youtu.be\\\/TZfykOkxn0w&quot;,&quot;show_image_overlay&quot;:&quot;yes&quot;,&quot;image_overlay&quot;:{&quot;url&quot;:&quot;https:\\\/\\\/www.eurodeco.com.tr\\\/wp-content\\\/uploads\\\/2023\\\/08\\\/Guenluek-Rutinim-YouTube-Kuecuek-Resmi-3.png&quot;,&quot;id&quot;:10870,&quot;size&quot;:&quot;&quot;,&quot;alt&quot;:&quot;&quot;,&quot;source&quot;:&quot;library&quot;},&quot;video_type&quot;:&quot;youtube&quot;,&quot;controls&quot;:&quot;yes&quot;}\" data-widget_type=\"video.default\">\n\t\t\t\t<div class=\"elementor-widget-container\">\n\t\t\t\t\t\t\t<div class=\"elementor-wrapper elementor-open-inline\">\n\t\t\t<div class=\"elementor-video\"><\/div>\t\t\t\t<div class=\"elementor-custom-embed-image-overlay\" style=\"background-image: url(https:\/\/www.eurodeco.com.tr\/wp-content\/uploads\/2023\/08\/Guenluek-Rutinim-YouTube-Kuecuek-Resmi-3.png);\">\n\t\t\t\t\t\t\t\t\t\t\t\t\t\t\t\t<div class=\"elementor-custom-embed-play\" role=\"button\" aria-label=\"Videoyu Oynat\" tabindex=\"0\">\n\t\t\t\t\t\t\t<i aria-hidden=\"true\" class=\"eicon-play\"><\/i>\t\t\t\t\t\t<\/div>\n\t\t\t\t\t\t\t\t\t<\/div>\n\t\t\t\t\t<\/div>\n\t\t\t\t\t\t<\/div>\n\t\t\t\t<\/div>\n\t\t\t\t\t<\/div>\n\t\t<\/div>\n\t\t\t\t<div class=\"elementor-column elementor-col-66 elementor-top-column elementor-element elementor-element-8f3d03c\" data-id=\"8f3d03c\" data-element_type=\"column\">\n\t\t\t<div class=\"elementor-widget-wrap elementor-element-populated\">\n\t\t\t\t\t\t<div class=\"elementor-element elementor-element-98acf68 elementor-widget elementor-widget-wd_text_block\" data-id=\"98acf68\" data-element_type=\"widget\" data-widget_type=\"wd_text_block.default\">\n\t\t\t\t<div class=\"elementor-widget-container\">\n\t\t\t\t\t\t\t<div class=\"wd-text-block reset-last-child text-left\">\n\t\t\t\n\t\t\t<p><strong>Poli\u00fcretan duvar panellerinin montaj\u0131:<\/strong><\/p><p>Poli\u00fcretan duvar panelleri, estetik tasar\u0131m ve ses yal\u0131t\u0131m\u0131 i\u00e7in ideal bir se\u00e7enektir. Montaj\u0131 olduk\u00e7a kolayd\u0131r ve a\u015fa\u011f\u0131daki ad\u0131mlar\u0131 takip edebilirsiniz.:<\/p><p>Duvar panellerini istenen boyuta g\u00f6re kesmek i\u00e7in bir testere veya uygun bir kesici alet kullan\u0131n. Poli\u00fcretan paneller i\u00e7in \u00e7ok ama\u00e7l\u0131 bir b\u0131\u00e7ak veya uygun bir kesici alet kullanman\u0131z\u0131 \u00f6neriyoruz.<\/p><p>Panelleri duvara sabitlemek i\u00e7in web sitemizden veya yerel yap\u0131 malzemeleri sat\u0131c\u0131n\u0131zdan uygun yap\u0131\u015ft\u0131r\u0131c\u0131y\u0131 kullanabilirsiniz.<\/p><p>Montaj s\u0131ras\u0131nda paneller aras\u0131ndaki ge\u00e7i\u015f noktalar\u0131na bir dolgu malzemesi uygulamak gerekebilir. Bu, estetik g\u00f6r\u00fcn\u00fcm\u00fc tamamlamak i\u00e7indir. Paneller aras\u0131ndaki ge\u00e7i\u015f alan\u0131 i\u00e7in bir dolgu malzemesi kullanabilirsiniz.<\/p><p>Montaj s\u00fcreci boyunca, size \u00fcr\u00fcn modeline uygun derz harc\u0131 ve efekt boyalar\u0131 g\u00f6nderece\u011fiz. Bu boyalar\u0131 kullanarak dolgu malzemesi uygulanm\u0131\u015f ge\u00e7i\u015fleri panellere uyacak \u015fekilde renklendirin.<\/p><p><strong>Strafor duvar panellerinin montaj\u0131:<\/strong><\/p><p>Strafor duvar panelleri hafif ve pratiktir. \u0130\u015fte montaj ad\u0131mlar\u0131:<\/p><p>Strafor panelleri istenilen boyuta g\u00f6re bir testere veya uygun bir kesici alet ile kesebilirsiniz. Strafor paneller i\u00e7in \u00e7ok ama\u00e7l\u0131 bir b\u0131\u00e7ak veya uygun bir kesici alet kullanman\u0131z\u0131 \u00f6neririz.<\/p><p>Panelleri duvara sabitlemek i\u00e7in web sitemizden veya yerel yap\u0131 malzemeleri sat\u0131c\u0131n\u0131zdan uygun yap\u0131\u015ft\u0131r\u0131c\u0131y\u0131 kullanabilirsiniz.<\/p><p><strong>Mermer g\u00f6r\u00fcn\u00fcml\u00fc duvar panellerinin montaj\u0131:<\/strong><\/p><p>Mermer g\u00f6r\u00fcn\u00fcml\u00fc paneller, odan\u0131za zarif bir g\u00f6r\u00fcn\u00fcm kazand\u0131r\u0131r. \u0130\u015fte montaj ad\u0131mlar\u0131:<\/p><p>Panelleri istenen boyuta kesmek i\u00e7in bir testere veya bir dekupaj testere kullanabilirsiniz.<\/p><p>Panelleri duvara sabitlemek i\u00e7in web sitemizden veya yerel yap\u0131 malzemeleri sat\u0131c\u0131n\u0131zdan uygun yap\u0131\u015ft\u0131r\u0131c\u0131y\u0131 kullanabilirsiniz.<\/p><p><strong>Akustik duvar panellerinin montaj\u0131:<\/strong><\/p><p>Akustik paneller ses yal\u0131t\u0131m\u0131 sa\u011flar. \u0130\u015fte montaj ad\u0131mlar\u0131:<\/p><p>Akustik panelleri istenilen boyuta kesmek i\u00e7in bir dekupaj testere veya uygun bir kesici alet kullanabilirsiniz. Akustik panellerin montaj\u0131 i\u00e7in bir dekupaj testere veya uygun bir kesici alet kullanman\u0131z\u0131 \u00f6neririz.<\/p><p>Panelleri duvara yap\u0131\u015ft\u0131rabilir veya isterseniz panellerin ke\u00e7e alt k\u0131sm\u0131n\u0131 vidalarla sabitleyebilirsiniz.<\/p><p>Her \u00fcr\u00fcn farkl\u0131 bir montaj y\u00f6ntemi gerektirebilir, bu y\u00fczden \u00fcr\u00fcnle birlikte verilen talimatlar\u0131 dikkatlice okumak \u00f6nemlidir. Sorular\u0131n\u0131z veya yard\u0131ma ihtiyac\u0131n\u0131z varsa, m\u00fc\u015fteri hizmetlerimizle ileti\u015fime ge\u00e7mekten \u00e7ekinmeyin.<\/p>\n\t\t\t\t\t<\/div>\n\t\t\t\t\t\t<\/div>\n\t\t\t\t<\/div>\n\t\t\t\t\t<\/div>\n\t\t<\/div>\n\t\t\t\t\t<\/div>\n\t\t<\/section>\n\t\t\t\t<\/div>","protected":false},"excerpt":{"rendered":"<p>Poli\u00fcretan duvar panellerinin montaj\u0131: Poli\u00fcretan duvar panelleri, estetik tasar\u0131m ve ses yal\u0131t\u0131m\u0131 i\u00e7in ideal bir se\u00e7enektir. Montaj\u0131 olduk\u00e7a kolayd\u0131r ve<\/p>","protected":false},"author":1,"featured_media":0,"parent":0,"menu_order":0,"comment_status":"closed","ping_status":"open","template":"","meta":{"footnotes":""},"class_list":["post-8750","page","type-page","status-publish","hentry"],"_links":{"self":[{"href":"https:\/\/www.eurodeco.com.tr\/de\/wp-json\/wp\/v2\/pages\/8750","targetHints":{"allow":["GET"]}}],"collection":[{"href":"https:\/\/www.eurodeco.com.tr\/de\/wp-json\/wp\/v2\/pages"}],"about":[{"href":"https:\/\/www.eurodeco.com.tr\/de\/wp-json\/wp\/v2\/types\/page"}],"author":[{"embeddable":true,"href":"https:\/\/www.eurodeco.com.tr\/de\/wp-json\/wp\/v2\/users\/1"}],"replies":[{"embeddable":true,"href":"https:\/\/www.eurodeco.com.tr\/de\/wp-json\/wp\/v2\/comments?post=8750"}],"version-history":[{"count":105,"href":"https:\/\/www.eurodeco.com.tr\/de\/wp-json\/wp\/v2\/pages\/8750\/revisions"}],"predecessor-version":[{"id":11359,"href":"https:\/\/www.eurodeco.com.tr\/de\/wp-json\/wp\/v2\/pages\/8750\/revisions\/11359"}],"wp:attachment":[{"href":"https:\/\/www.eurodeco.com.tr\/de\/wp-json\/wp\/v2\/media?parent=8750"}],"curies":[{"name":"wp","href":"https:\/\/api.w.org\/{rel}","templated":true}]}}