{"id":10898,"date":"2023-08-19T11:41:08","date_gmt":"2023-08-19T11:41:08","guid":{"rendered":"https:\/\/www.eurodeco.com.tr\/echtheit-von-bewertungen\/"},"modified":"2024-11-13T12:35:07","modified_gmt":"2024-11-13T12:35:07","slug":"iletisim","status":"publish","type":"page","link":"https:\/\/www.eurodeco.com.tr\/de\/iletisim\/","title":{"rendered":"\u0130leti\u015fim"},"content":{"rendered":"<div data-elementor-type=\"wp-page\" data-elementor-id=\"10898\" class=\"elementor elementor-10898\">\n\t\t\t\t\t\t<section class=\"wd-negative-gap elementor-section elementor-top-section elementor-element elementor-element-f5f7a63 elementor-section-boxed elementor-section-height-default elementor-section-height-default\" data-id=\"f5f7a63\" data-element_type=\"section\">\n\t\t\t\t\t\t<div class=\"elementor-container elementor-column-gap-default\">\n\t\t\t\t\t<div class=\"elementor-column elementor-col-100 elementor-top-column elementor-element elementor-element-6a503cb\" data-id=\"6a503cb\" data-element_type=\"column\">\n\t\t\t<div class=\"elementor-widget-wrap elementor-element-populated\">\n\t\t\t\t\t\t<div class=\"elementor-element elementor-element-dd2b2cd elementor-widget elementor-widget-heading\" data-id=\"dd2b2cd\" data-element_type=\"widget\" data-widget_type=\"heading.default\">\n\t\t\t\t<div class=\"elementor-widget-container\">\n\t\t\t\t\t<h1 class=\"elementor-heading-title elementor-size-xl\">\u0130leti\u015fim<\/h1>\t\t\t\t<\/div>\n\t\t\t\t<\/div>\n\t\t\t\t\t<\/div>\n\t\t<\/div>\n\t\t\t\t\t<\/div>\n\t\t<\/section>\n\t\t\t\t<section class=\"wd-negative-gap elementor-section elementor-top-section elementor-element elementor-element-a54155a elementor-section-boxed elementor-section-height-default elementor-section-height-default\" data-id=\"a54155a\" data-element_type=\"section\">\n\t\t\t\t\t\t<div class=\"elementor-container elementor-column-gap-default\">\n\t\t\t\t\t<div class=\"elementor-column elementor-col-50 elementor-top-column elementor-element elementor-element-e4508a7\" data-id=\"e4508a7\" data-element_type=\"column\">\n\t\t\t<div class=\"elementor-widget-wrap elementor-element-populated\">\n\t\t\t\t\t\t<div class=\"elementor-element elementor-element-22afad6 elementor-widget elementor-widget-heading\" data-id=\"22afad6\" data-element_type=\"widget\" data-widget_type=\"heading.default\">\n\t\t\t\t<div class=\"elementor-widget-container\">\n\t\t\t\t\t<h5 class=\"elementor-heading-title elementor-size-default\">\n\n\ud83d\udcde +90 123 456 78 90 <br>\n\u260e\ufe0f +90 123 465 78 90 <br><br><br>\n\n\ud83d\udccdCumhuriyet Mahallesi E5 Yakac\u0131k, Yanyol Cd. No:41\/3 34890, Aytemiz petrol i\u00e7i, 34876 Kartal\/\u0130stanbul <br><br>\n\n\n<table style=\"border-collapse: collapse;width: 100%\">\n    <tr>\n        <th style=\"text-align: left;padding: 8px\" colspan=\"2\">\u00c7al\u0131\u015fma Saatleri:<\/th>\n    <\/tr>\n    <tr>\n        <td style=\"padding: 8px;border-right: 1px solid #ccc\">Pazartesi<\/td>\n        <td style=\"padding: 8px\">08:00\u201319:00<\/td>\n    <\/tr>\n    <tr>\n        <td style=\"padding: 8px;border-right: 1px solid #ccc\">Sal\u0131<\/td>\n        <td style=\"padding: 8px\">08:00\u201319:00<\/td>\n    <\/tr>\n    <tr>\n        <td style=\"padding: 8px;border-right: 1px solid #ccc\">\u00c7ar\u015famba<\/td>\n        <td style=\"padding: 8px\">08:00\u201319:00<\/td>\n    <\/tr>\n    <tr>\n        <td style=\"padding: 8px;border-right: 1px solid #ccc\">Per\u015fembe<\/td>\n        <td style=\"padding: 8px\">08:00\u201319:00<\/td>\n    <\/tr>\n    <tr>\n        <td style=\"padding: 8px;border-right: 1px solid #ccc\">Cuma<\/td>\n        <td style=\"padding: 8px\">08:00\u201319:00<\/td>\n    <\/tr>\n    <tr>\n        <td style=\"padding: 8px;border-right: 1px solid #ccc\">Cumartesi<\/td>\n        <td style=\"padding: 8px\">09:00\u201317:00<\/td>\n    <\/tr>\n    <tr>\n        <td style=\"padding: 8px;border-right: 1px solid #ccc\">Pazar<\/td>\n        <td style=\"padding: 8px\">Kapal\u0131<\/td>\n    <\/tr>\n<\/table>\n<\/h5>\t\t\t\t<\/div>\n\t\t\t\t<\/div>\n\t\t\t\t\t<\/div>\n\t\t<\/div>\n\t\t\t\t<div class=\"elementor-column elementor-col-50 elementor-top-column elementor-element elementor-element-d46189c\" data-id=\"d46189c\" data-element_type=\"column\">\n\t\t\t<div class=\"elementor-widget-wrap elementor-element-populated\">\n\t\t\t\t\t\t<div class=\"elementor-element elementor-element-2ac4b19 elementor-widget elementor-widget-image\" data-id=\"2ac4b19\" data-element_type=\"widget\" data-widget_type=\"image.default\">\n\t\t\t\t<div class=\"elementor-widget-container\">\n\t\t\t\t\t\t\t\t\t\t\t\t\t\t\t<img fetchpriority=\"high\" decoding=\"async\" width=\"871\" height=\"800\" src=\"https:\/\/www.eurodeco.com.tr\/wp-content\/uploads\/2023\/08\/Wandpaneel_351-128-ASC8-871x800.jpg\" class=\"attachment-large size-large wp-image-10640\" alt=\"\" srcset=\"https:\/\/www.eurodeco.com.tr\/wp-content\/uploads\/2023\/08\/Wandpaneel_351-128-ASC8-871x800.jpg 871w, https:\/\/www.eurodeco.com.tr\/wp-content\/uploads\/2023\/08\/Wandpaneel_351-128-ASC8-430x395.jpg 430w, https:\/\/www.eurodeco.com.tr\/wp-content\/uploads\/2023\/08\/Wandpaneel_351-128-ASC8-350x322.jpg 350w, https:\/\/www.eurodeco.com.tr\/wp-content\/uploads\/2023\/08\/Wandpaneel_351-128-ASC8-700x643.jpg 700w, https:\/\/www.eurodeco.com.tr\/wp-content\/uploads\/2023\/08\/Wandpaneel_351-128-ASC8-327x300.jpg 327w, https:\/\/www.eurodeco.com.tr\/wp-content\/uploads\/2023\/08\/Wandpaneel_351-128-ASC8-768x706.jpg 768w, https:\/\/www.eurodeco.com.tr\/wp-content\/uploads\/2023\/08\/Wandpaneel_351-128-ASC8-860x790.jpg 860w, https:\/\/www.eurodeco.com.tr\/wp-content\/uploads\/2023\/08\/Wandpaneel_351-128-ASC8.jpg 1143w\" sizes=\"(max-width: 871px) 100vw, 871px\" \/>\t\t\t\t\t\t\t\t\t\t\t\t\t\t\t<\/div>\n\t\t\t\t<\/div>\n\t\t\t\t\t<\/div>\n\t\t<\/div>\n\t\t\t\t\t<\/div>\n\t\t<\/section>\n\t\t\t\t<section class=\"wd-negative-gap elementor-section elementor-top-section elementor-element elementor-element-09a03de elementor-section-boxed elementor-section-height-default elementor-section-height-default\" data-id=\"09a03de\" data-element_type=\"section\">\n\t\t\t\t\t\t<div class=\"elementor-container elementor-column-gap-default\">\n\t\t\t\t\t<div class=\"elementor-column elementor-col-100 elementor-top-column elementor-element elementor-element-d457d37\" data-id=\"d457d37\" data-element_type=\"column\">\n\t\t\t<div class=\"elementor-widget-wrap elementor-element-populated\">\n\t\t\t\t\t\t<div class=\"elementor-element elementor-element-19ce45c elementor-widget elementor-widget-heading\" data-id=\"19ce45c\" data-element_type=\"widget\" data-widget_type=\"heading.default\">\n\t\t\t\t<div class=\"elementor-widget-container\">\n\t\t\t\t\t<h1 class=\"elementor-heading-title elementor-size-default\">Neredeyiz?<\/h1>\t\t\t\t<\/div>\n\t\t\t\t<\/div>\n\t\t\t\t<div class=\"elementor-element elementor-element-34ac95a elementor-widget elementor-widget-google_maps\" data-id=\"34ac95a\" data-element_type=\"widget\" data-widget_type=\"google_maps.default\">\n\t\t\t\t<div class=\"elementor-widget-container\">\n\t\t\t\t\t\t\t<div class=\"elementor-custom-embed\">\n\t\t\t<iframe loading=\"lazy\"\n\t\t\t\t\tsrc=\"https:\/\/maps.google.com\/maps?q=Cumhuriyet%20Mahallesi%20E5%20Yakac%C4%B1k%2C%20Yanyol%20Cd.%20No%3A41%2F3%2034890%2C%20Aytemiz%20petrol%20i%C3%A7i%2C%2034876%20Kartal%2F%C4%B0stanbul&#038;t=m&#038;z=15&#038;output=embed&#038;iwloc=near\"\n\t\t\t\t\ttitle=\"Cumhuriyet Mahallesi E5 Yakac\u0131k, Yanyol Cd. No:41\/3 34890, Aytemiz petrol i\u00e7i, 34876 Kartal\/\u0130stanbul\"\n\t\t\t\t\taria-label=\"Cumhuriyet Mahallesi E5 Yakac\u0131k, Yanyol Cd. No:41\/3 34890, Aytemiz petrol i\u00e7i, 34876 Kartal\/\u0130stanbul\"\n\t\t\t><\/iframe>\n\t\t<\/div>\n\t\t\t\t\t\t<\/div>\n\t\t\t\t<\/div>\n\t\t\t\t\t<\/div>\n\t\t<\/div>\n\t\t\t\t\t<\/div>\n\t\t<\/section>\n\t\t\t\t<\/div>","protected":false},"excerpt":{"rendered":"<p>\u0130leti\u015fim \ud83d\udcde +90 123 456 78 90 \u260e\ufe0f +90 123 465 78 90 \ud83d\udccdCumhuriyet Mahallesi E5 Yakac\u0131k, Yanyol Cd. No:41\/3<\/p>","protected":false},"author":1,"featured_media":0,"parent":0,"menu_order":0,"comment_status":"closed","ping_status":"closed","template":"","meta":{"footnotes":""},"class_list":["post-10898","page","type-page","status-publish","hentry"],"_links":{"self":[{"href":"https:\/\/www.eurodeco.com.tr\/de\/wp-json\/wp\/v2\/pages\/10898","targetHints":{"allow":["GET"]}}],"collection":[{"href":"https:\/\/www.eurodeco.com.tr\/de\/wp-json\/wp\/v2\/pages"}],"about":[{"href":"https:\/\/www.eurodeco.com.tr\/de\/wp-json\/wp\/v2\/types\/page"}],"author":[{"embeddable":true,"href":"https:\/\/www.eurodeco.com.tr\/de\/wp-json\/wp\/v2\/users\/1"}],"replies":[{"embeddable":true,"href":"https:\/\/www.eurodeco.com.tr\/de\/wp-json\/wp\/v2\/comments?post=10898"}],"version-history":[{"count":21,"href":"https:\/\/www.eurodeco.com.tr\/de\/wp-json\/wp\/v2\/pages\/10898\/revisions"}],"predecessor-version":[{"id":11562,"href":"https:\/\/www.eurodeco.com.tr\/de\/wp-json\/wp\/v2\/pages\/10898\/revisions\/11562"}],"wp:attachment":[{"href":"https:\/\/www.eurodeco.com.tr\/de\/wp-json\/wp\/v2\/media?parent=10898"}],"curies":[{"name":"wp","href":"https:\/\/api.w.org\/{rel}","templated":true}]}}